{"id":6309,"date":"2023-10-30T14:44:49","date_gmt":"2023-10-30T13:44:49","guid":{"rendered":"https:\/\/www.hofwelzinge.nl\/?page_id=6309"},"modified":"2023-10-30T14:44:51","modified_gmt":"2023-10-30T13:44:51","slug":"ferienwohnung-in-middelburg","status":"publish","type":"page","link":"https:\/\/www.hofwelzinge.nl\/de\/ferienwohnung-in-middelburg\/","title":{"rendered":"Ferienwohnung in Middelburg: Willkommen in Zeeland"},"content":{"rendered":"<p>[et_pb_section fb_built=&#8220;1&#8243; next_background_color=&#8220;#F9F6F2&#8243; _builder_version=&#8220;4.16&#8243; background_color=&#8220;#e0f3ff&#8220; use_background_color_gradient=&#8220;on&#8220; background_color_gradient_stops=&#8220;#17689e 0%|#bedeea 100%&#8220; background_color_gradient_start=&#8220;#17689e&#8220; background_color_gradient_end=&#8220;#bedeea&#8220; background_image=&#8220;https:\/\/www.hofwelzinge.nl\/wp-content\/uploads\/2020\/03\/Wolken-02-C.png&#8220; parallax=&#8220;on&#8220; custom_padding=&#8220;0px||0px||true|false&#8220; bottom_divider_style=&#8220;wave2&#8243; bottom_divider_repeat=&#8220;0x&#8220; global_colors_info=&#8220;{}&#8220;][et_pb_row _builder_version=&#8220;4.16&#8243; custom_padding=&#8220;55px|||||&#8220; global_colors_info=&#8220;{}&#8220;][et_pb_column type=&#8220;4_4&#8243; _builder_version=&#8220;4.16&#8243; global_colors_info=&#8220;{}&#8220;][et_pb_post_title meta=&#8220;off&#8220; featured_image=&#8220;off&#8220; text_color=&#8220;light&#8220; _builder_version=&#8220;4.16&#8243; title_text_align=&#8220;center&#8220; title_font_size=&#8220;4vw&#8220; custom_margin=&#8220;||2px|||&#8220; title_font_size_tablet=&#8220;9vw&#8220; title_font_size_phone=&#8220;14vw&#8220; title_font_size_last_edited=&#8220;on|phone&#8220; global_colors_info=&#8220;{}&#8220;][\/et_pb_post_title][\/et_pb_column][\/et_pb_row][et_pb_row custom_padding_last_edited=&#8220;on|desktop&#8220; _builder_version=&#8220;4.20.4&#8243; background_color=&#8220;#ffffff&#8220; width_tablet=&#8220;&#8220; width_phone=&#8220;100%&#8220; width_last_edited=&#8220;on|phone&#8220; module_alignment=&#8220;center&#8220; custom_margin=&#8220;|auto|0%|auto|false|false&#8220; custom_margin_tablet=&#8220;||5%||false|false&#8220; custom_margin_phone=&#8220;||8%||false|false&#8220; custom_margin_last_edited=&#8220;on|phone&#8220; custom_padding=&#8220;0%|3%|2.5%|3%|false|true&#8220; custom_padding_tablet=&#8220;4%|2%|6%|2%|false|true&#8220; custom_padding_phone=&#8220;5%|1%|8%|1%|false|true&#8220; border_width_top=&#8220;25px&#8220; border_color_top=&#8220;#a9dc92&#8243; box_shadow_style=&#8220;preset3&#8243; global_colors_info=&#8220;{}&#8220;][et_pb_column type=&#8220;4_4&#8243; _builder_version=&#8220;4.16&#8243; global_colors_info=&#8220;{}&#8220;][et_pb_image src=&#8220;https:\/\/www.hofwelzinge.nl\/wp-content\/uploads\/2019\/09\/Beeldmerk.HofWelzinge.wit_.190930.png&#8220; show_bottom_space=&#8220;off&#8220; _builder_version=&#8220;4.20.4&#8243; background_image=&#8220;https:\/\/www.hofwelzinge.nl\/wp-content\/uploads\/2019\/10\/beeldmerk-schaduw-c.png&#8220; background_size=&#8220;contain&#8220; background_position=&#8220;top_left&#8220; transform_translate=&#8220;-42px|-42px&#8220; width=&#8220;100px&#8220; custom_margin=&#8220;||-40px|-40px|false|false&#8220; custom_padding=&#8220;|||0px|false|false&#8220; animation_style=&#8220;roll&#8220; animation_direction=&#8220;right&#8220; animation_duration=&#8220;950ms&#8220; animation_intensity_roll=&#8220;9%&#8220; global_colors_info=&#8220;{}&#8220;][\/et_pb_image][et_pb_text admin_label=&#8220;Subtitel&#8220; _builder_version=&#8220;4.20.4&#8243; _dynamic_attributes=&#8220;content&#8220; text_font=&#8220;|300|||||||&#8220; text_text_color=&#8220;rgba(0,76,104,0.5)&#8220; text_orientation=&#8220;center&#8220; custom_margin=&#8220;||-2px||false|false&#8220; custom_padding=&#8220;1vh||1vh||true|false&#8220; text_text_align=&#8220;center&#8220; global_colors_info=&#8220;{}&#8220;]@ET-DC@eyJkeW5hbWljIjp0cnVlLCJjb250ZW50IjoicG9zdF9leGNlcnB0Iiwic2V0dGluZ3MiOnsiYmVmb3JlIjoiIiwiYWZ0ZXIiOiIiLCJ3b3JkcyI6IiIsInJlYWRfbW9yZV9sYWJlbCI6IiJ9fQ==@[\/et_pb_text][et_pb_text _builder_version=&#8220;4.20.4&#8243; max_width=&#8220;700px&#8220; header_3_font_size_tablet=&#8220;4.7vw&#8220; header_3_font_size_phone=&#8220;&#8220; header_3_font_size_last_edited=&#8220;on|phone&#8220; global_colors_info=&#8220;{}&#8220;]<\/p>\n<p>M\u00f6chten Sie jeden Morgen Ihres Urlaubs inmitten der wundersch\u00f6nen Natur von Zeeland beginnen? Dann starten Sie den Tag mit einem k\u00f6stlichen Fr\u00fchst\u00fcck in unserer Ferienwohnung in Middelburg. W\u00e4hrend Ihres Urlaubs in der beliebten Provinz Zeeland k\u00f6nnen Sie die Vorz\u00fcge unseres Bed &amp; Breakfasts genie\u00dfen. Hof Welzinge bietet Ihnen die Auswahl aus vier verschiedenen Ferienwohnungen, in denen Sie bequem einen Fr\u00fchst\u00fccksservice bestellen k\u00f6nnen. Der perfekte Start in den Tag!<\/p>\n<div class=\"entry-content\">\n<h2>Zeeland: Eins mit der Natur werden<\/h2>\n<p>In der Ferienwohnung in Middelburg, die sich mitten in der Natur direkt neben unserem Bauernhof befindet, k\u00f6nnen Sie die idyllische Umgebung genie\u00dfen. Aber nicht nur in unserer unmittelbaren Umgebung gibt es viel zu entdecken. Von Ihrer Ferienwohnung aus erreichen Sie problemlos verschiedene Naturschutzgebiete und W\u00e4lder. In diesen Gebieten erwarten Sie malerische Wanderungen und Radtouren, bei denen Sie sogar die Gelegenheit haben, Damhirsche und Rehe zu beobachten. Oder wie w\u00e4re es mit einem Spaziergang entlang der wundersch\u00f6nen K\u00fcste? Genie\u00dfen Sie die Vielfalt der Natur w\u00e4hrend Ihres Aufenthalts bei uns.<\/p>\n<h2>Die passende Ferienwohnung in Middelburg ausw\u00e4hlen<\/h2>\n<p>Auf dem angrenzenden Grundst\u00fcck unseres Bauernhofs befinden sich <a href=\"\/de\/vier-luxusferienwohnungen\/\">vier moderne Ferienwohnungen<\/a> unter einem Dach, die sogar zu einer ger\u00e4umigen Gruppenunterkunft f\u00fcr bis zu 30 Personen kombiniert werden k\u00f6nnen. Erleben Sie einen einzigartigen Aufenthalt, die Hof Welzinge bereith\u00e4lt: absolute Ruhe und Weite in unmittelbarer Strandn\u00e4he.<\/p>\n<blockquote>\n<p><em>&#8222;In einem Wort: gro\u00dfartig. Die Wohnung war au\u00dfergew\u00f6hnlich sch\u00f6n und komfortabel. Sehr sauber und sehr gut, sehr zu empfehlen. Eine sch\u00f6ne Gegend zum Radfahren, alles ist in der N\u00e4he.&#8220;<\/em><br \/><span style=\"font-size: 18px;\"><\/span><\/p>\n<\/blockquote>\n<p style=\"text-align: center;\"><span style=\"font-size: 18px;\"><a class=\"et_pb_button et_pb_button_0 et_hover_enabled et_pb_bg_layout_light\" href=\"\/de\/verfuegbar\/\">Buchen Sie eine Ferienwohnung<\/a><\/span><\/p>\n<\/div>\n<div class=\"entry-content\">\n<p><a href=\"https:\/\/www.hofwelzinge.nl\/reserveren\/?accommodatie=24307\"><\/a><\/p>\n<\/div>\n<p>[\/et_pb_text][et_pb_image src=&#8220;https:\/\/www.hofwelzinge.nl\/wp-content\/uploads\/2023\/10\/ferienwohnung-in-middelburg.jpg&#8220; title_text=&#8220;ferienwohnung-in-middelburg&#8220; align=&#8220;center&#8220; _builder_version=&#8220;4.20.4&#8243; _module_preset=&#8220;default&#8220; width=&#8220;49%&#8220; global_colors_info=&#8220;{}&#8220;][\/et_pb_image][et_pb_text _builder_version=&#8220;4.20.4&#8243; _module_preset=&#8220;default&#8220; text_orientation=&#8220;center&#8220; global_colors_info=&#8220;{}&#8220;]<\/p>\n<h2>Wandern &amp; Radfahren in Middelburg<\/h2>\n<p>Genie\u00dfen Sie w\u00e4hrend Ihres Urlaubs das Wandern und Radfahren in der Umgebung. Hof Welzinge bietet Ihnen einen idealen Ausgangspunkt, um verschiedene Naturrouten zu erkunden, darunter Fort Rammekens oder eine Stadtbesichtigung in Middelburg. Zudem bereitet es gro\u00dfe Freude, entlang des Wassers zu wandern oder Rad zu fahren, um die Region in all ihrer Pracht zu erleben. <a href=\"\/de\/ausgehen-in-der-nahe-von-hof-welzinge\/\">Bei diesen Ausfl\u00fcgen<\/a> k\u00f6nnen Sie durch malerische D\u00fcnen, W\u00e4lder und gem\u00fctliche zeel\u00e4ndische D\u00f6rfer schlendern oder radeln.<\/p>\n<p>&nbsp;<\/p>\n<p>[\/et_pb_text][et_pb_image src=&#8220;https:\/\/www.hofwelzinge.nl\/wp-content\/uploads\/2019\/10\/STL_7755-b.jpg&#8220; alt=&#8220;Bed and breakfast zeeland&#8220; title_text=&#8220;Fietstocht&#8220; _builder_version=&#8220;4.20.4&#8243; transform_translate=&#8220;-5%|0px&#8220; transform_translate_linked=&#8220;off&#8220; transform_rotate=&#8220;0deg|353deg|356deg&#8220; max_width=&#8220;70%&#8220; animation_style=&#8220;roll&#8220; animation_direction=&#8220;right&#8220; animation_duration=&#8220;650ms&#8220; animation_delay=&#8220;400ms&#8220; animation_intensity_roll=&#8220;4%&#8220; border_width_all=&#8220;10px&#8220; border_color_all=&#8220;#ffffff&#8220; box_shadow_style=&#8220;preset3&#8243; global_colors_info=&#8220;{}&#8220;][\/et_pb_image][\/et_pb_column][\/et_pb_row][et_pb_row _builder_version=&#8220;4.16&#8243; animation_style=&#8220;bounce&#8220; animation_delay=&#8220;600ms&#8220; global_colors_info=&#8220;{}&#8220;][et_pb_column type=&#8220;4_4&#8243; _builder_version=&#8220;4.16&#8243; global_colors_info=&#8220;{}&#8220;][\/et_pb_column][\/et_pb_row][\/et_pb_section][et_pb_section fb_built=&#8220;1&#8243; _builder_version=&#8220;4.16&#8243; background_color=&#8220;#F9F6F2&#8243; custom_padding=&#8220;0.1%|8.1%|6%|8.1%|false|true&#8220; global_colors_info=&#8220;{}&#8220;][et_pb_row column_structure=&#8220;1_2,1_2&#8243; use_custom_gutter=&#8220;on&#8220; gutter_width=&#8220;1&#8243; make_equal=&#8220;on&#8220; custom_padding_last_edited=&#8220;on|phone&#8220; module_id=&#8220;volgende&#8220; _builder_version=&#8220;4.16&#8243; width_tablet=&#8220;&#8220; width_phone=&#8220;100%&#8220; width_last_edited=&#8220;on|phone&#8220; module_alignment=&#8220;center&#8220; custom_margin=&#8220;3%|auto|3%|auto|false|false&#8220; custom_margin_tablet=&#8220;||5%||false|false&#8220; custom_margin_phone=&#8220;||8%||false|false&#8220; custom_margin_last_edited=&#8220;on|phone&#8220; custom_padding=&#8220;0%|0%|0%|0%|false|true&#8220; custom_padding_tablet=&#8220;||0%||false|false&#8220; custom_padding_phone=&#8220;&#8220; animation_style=&#8220;slide&#8220; animation_direction=&#8220;right&#8220; animation_duration=&#8220;650ms&#8220; animation_delay=&#8220;500ms&#8220; animation_intensity_slide=&#8220;8%&#8220; box_shadow_style=&#8220;preset3&#8243; global_colors_info=&#8220;{}&#8220;][et_pb_column type=&#8220;1_2&#8243; _builder_version=&#8220;4.16&#8243; background_color=&#8220;#ffffff&#8220; global_colors_info=&#8220;{}&#8220;][et_pb_text _builder_version=&#8220;4.16&#8243; custom_padding=&#8220;10%|8%|10%|8%|true|true&#8220; global_colors_info=&#8220;{}&#8220; min_height=&#8220;399.7px&#8220;]<\/p>\n<div class=\"entry-content\">\n<h3>Leben auf dem Bauernhof<\/h3>\n<p>W\u00e4hrend Ihres Aufenthalts in einer unserer Ferienwohnungen in Middelburg laden wir Sie herzlich ein, <a href=\"\/de\/der-hof\/\">einen Blick auf unseren Bauernhof zu werfen<\/a>. Direkt neben Ihrem Ferienhaus befindet sich unser Hof mit einer Vielfalt an Tieren. Streicheln Sie die L\u00e4mmer, begleiten Sie uns beim Melken der K\u00fche oder bewundern Sie unsere Pferde. In ruhigen Momenten zwischen 13.30 und 15.30 Uhr sind Sie herzlich willkommen, den Hof in aller Gem\u00fctlichkeit zu erkunden und das authentische Leben auf dem Bauernhof hautnah zu erleben.<\/p>\n<\/div>\n<div class=\"entry-content\">\n<p><a href=\"https:\/\/www.hofwelzinge.nl\/reserveren\/?accommodatie=24307\"><\/a><\/p>\n<\/div>\n<p>[\/et_pb_text][\/et_pb_column][et_pb_column type=&#8220;1_2&#8243; _builder_version=&#8220;4.16&#8243; background_color=&#8220;#F9F6F2&#8243; global_colors_info=&#8220;{}&#8220;][et_pb_image src=&#8220;https:\/\/www.hofwelzinge.nl\/wp-content\/uploads\/2023\/01\/bed-and-breakfast-in-zeeland-hof-welzinge.jpg&#8220; alt=&#8220;bed and breakfast in zeeland hof welzinge&#8220; title_text=&#8220;bed and breakfast in zeeland hof welzinge&#8220; _builder_version=&#8220;4.20.4&#8243; hover_enabled=&#8220;0&#8243; global_colors_info=&#8220;{}&#8220; sticky_enabled=&#8220;0&#8243;][\/et_pb_image][\/et_pb_column][\/et_pb_row][et_pb_row column_structure=&#8220;1_2,1_2&#8243; use_custom_gutter=&#8220;on&#8220; gutter_width=&#8220;1&#8243; make_equal=&#8220;on&#8220; custom_padding_last_edited=&#8220;on|phone&#8220; _builder_version=&#8220;4.20.4&#8243; width_tablet=&#8220;&#8220; width_phone=&#8220;100%&#8220; width_last_edited=&#8220;on|phone&#8220; module_alignment=&#8220;center&#8220; custom_margin=&#8220;|auto|3%|auto|false|false&#8220; custom_margin_tablet=&#8220;||5%||false|false&#8220; custom_margin_phone=&#8220;||8%||false|false&#8220; custom_margin_last_edited=&#8220;on|phone&#8220; custom_padding=&#8220;0%|0%|0%|0%|false|true&#8220; custom_padding_tablet=&#8220;||0%||false|false&#8220; custom_padding_phone=&#8220;&#8220; animation_style=&#8220;slide&#8220; animation_direction=&#8220;right&#8220; animation_duration=&#8220;500ms&#8220; animation_delay=&#8220;500ms&#8220; animation_intensity_slide=&#8220;15%&#8220; box_shadow_style=&#8220;preset3&#8243; global_colors_info=&#8220;{}&#8220;][et_pb_column type=&#8220;1_2&#8243; _builder_version=&#8220;4.20.4&#8243; background_image=&#8220;https:\/\/www.hofwelzinge.nl\/wp-content\/uploads\/2021\/02\/weekendje_aan_zee_met_het_gezin.jpg&#8220; global_colors_info=&#8220;{}&#8220;][\/et_pb_column][et_pb_column type=&#8220;1_2&#8243; _builder_version=&#8220;4.16&#8243; background_color=&#8220;#ffffff&#8220; global_colors_info=&#8220;{}&#8220;][et_pb_text _builder_version=&#8220;4.16&#8243; custom_padding=&#8220;6%|8%|6%|8%|true|true&#8220; global_colors_info=&#8220;{}&#8220;]<\/p>\n<div class=\"entry-content\">\n<div class=\"entry-content\">\n<h3>Ein Tag am Strand<\/h3>\n<p>Middelburg und Zeeland sind nicht ohne Grund ein beliebtes Reiseziel in den Niederlanden. Die N\u00e4he zum Strand sowie die frische Meeresbrise sorgen ab Ihrer Ankunft f\u00fcr das ultimative Urlaubsgef\u00fchl. Machen Sie von Ihrer Ferienwohnung einen Ausflug zum <a href=\"\/de\/ausgehen-in-der-nahe-von-hof-welzinge\/#Str\u00e4nde\">Strand Ritthem oder nach Oostkapelle<\/a>. Ihre Kinder k\u00f6nnen hier Sandburgen bauen und neue Urlaubsfreunde finden. Vergessen Sie den Drachen nicht, hier weht jederzeit ein erfrischender Wind.<\/p>\n<\/div>\n<div class=\"entry-content\">\n<p><a href=\"https:\/\/www.hofwelzinge.nl\/reserveren\/?accommodatie=24307\"><\/a><\/p>\n<\/div>\n<\/div>\n<p>[\/et_pb_text][\/et_pb_column][\/et_pb_row][\/et_pb_section][et_pb_section fb_built=&#8220;1&#8243; prev_background_color=&#8220;#F9F6F2&#8243; admin_label=&#8220;Footer&#8220; _builder_version=&#8220;4.16&#8243; background_color=&#8220;#004c68&#8243; background_image=&#8220;https:\/\/www.hofwelzinge.nl\/wp-content\/uploads\/2019\/07\/STL_7226LQ.jpg&#8220; parallax=&#8220;on&#8220; min_height=&#8220;92vh&#8220; custom_padding=&#8220;11vh||100px||false|false&#8220; top_divider_style=&#8220;wave2&#8243; saved_tabs=&#8220;all&#8220; locked=&#8220;off&#8220; global_colors_info=&#8220;{}&#8220;][et_pb_row _builder_version=&#8220;4.16&#8243; background_enable_color=&#8220;off&#8220; width=&#8220;40%&#8220; width_tablet=&#8220;60%&#8220; width_phone=&#8220;&#8220; width_last_edited=&#8220;on|tablet&#8220; module_alignment=&#8220;center&#8220; custom_margin=&#8220;-2px|571px||358px||&#8220; global_colors_info=&#8220;{}&#8220;][et_pb_column type=&#8220;4_4&#8243; _builder_version=&#8220;4.16&#8243; global_colors_info=&#8220;{}&#8220;][et_pb_text _builder_version=&#8220;4.20.4&#8243; _module_preset=&#8220;default&#8220; global_colors_info=&#8220;{}&#8220;]<\/p>\n<h1 style=\"text-align: center;\"><span style=\"color: #ffffff;\">Hof Welzinge<\/span><\/h1>\n<h3 style=\"text-align: center;\"><span style=\"color: #ffffff;\">Pure Erholung im gr\u00fcnen Zeeland<\/span><\/h3>\n<p>[\/et_pb_text][\/et_pb_column][\/et_pb_row][\/et_pb_section]<\/p>\n<span class=\"et_bloom_bottom_trigger\"><\/span>","protected":false},"excerpt":{"rendered":"<p>M\u00f6chten Sie jeden Morgen Ihres Urlaubs inmitten der wundersch\u00f6nen Natur von Zeeland beginnen? Dann starten Sie den Tag mit einem k\u00f6stlichen Fr\u00fchst\u00fcck in unserer Ferienwohnung in Middelburg. W\u00e4hrend Ihres Urlaubs in der beliebten Provinz Zeeland k\u00f6nnen Sie die Vorz\u00fcge unseres Bed &amp; Breakfasts genie\u00dfen. Hof Welzinge bietet Ihnen die Auswahl aus vier verschiedenen Ferienwohnungen, in [&hellip;]<\/p>\n","protected":false},"author":3558,"featured_media":6109,"parent":0,"menu_order":0,"comment_status":"closed","ping_status":"closed","template":"","meta":{"_et_pb_use_builder":"on","_et_pb_old_content":"","_et_gb_content_width":""},"yoast_head":"<!-- This site is optimized with the Yoast SEO plugin v21.8.1 - https:\/\/yoast.com\/wordpress\/plugins\/seo\/ -->\n<title>Ferienwohnung in Middelburg buchen - Hof Welzinge<\/title>\n<meta name=\"description\" content=\"Von unserer Ferienwohnung in Middelburg aus Zeeland erkunden. Beliebte Urlaubsprovinz in den Niederlanden. Mehr erfahren und buchen.\" \/>\n<meta name=\"robots\" content=\"index, follow, max-snippet:-1, max-image-preview:large, max-video-preview:-1\" \/>\n<link rel=\"canonical\" href=\"https:\/\/www.hofwelzinge.nl\/de\/ferienwohnung-in-middelburg\/\" \/>\n<meta property=\"og:locale\" content=\"de_DE\" \/>\n<meta property=\"og:type\" content=\"article\" \/>\n<meta property=\"og:title\" content=\"Ferienwohnung in Middelburg buchen - Hof Welzinge\" \/>\n<meta property=\"og:description\" content=\"Von unserer Ferienwohnung in Middelburg aus Zeeland erkunden. Beliebte Urlaubsprovinz in den Niederlanden. Mehr erfahren und buchen.\" \/>\n<meta property=\"og:url\" content=\"https:\/\/www.hofwelzinge.nl\/de\/ferienwohnung-in-middelburg\/\" \/>\n<meta property=\"og:site_name\" content=\"Hof Welzinge\" \/>\n<meta property=\"article:publisher\" content=\"https:\/\/www.facebook.com\/Hof-Welzinge-104883244325743\" \/>\n<meta property=\"article:modified_time\" content=\"2023-10-30T13:44:51+00:00\" \/>\n<meta property=\"og:image\" content=\"https:\/\/www.hofwelzinge.nl\/wp-content\/uploads\/2023\/01\/Bed-and-breakfast-zeeland.jpg\" \/>\n\t<meta property=\"og:image:width\" content=\"600\" \/>\n\t<meta property=\"og:image:height\" content=\"400\" \/>\n\t<meta property=\"og:image:type\" content=\"image\/jpeg\" \/>\n<meta name=\"twitter:card\" content=\"summary_large_image\" \/>\n<meta name=\"twitter:label1\" content=\"Gesch\u00e4tzte Lesezeit\" \/>\n\t<meta name=\"twitter:data1\" content=\"4\u00a0Minuten\" \/>\n<script type=\"application\/ld+json\" class=\"yoast-schema-graph\">{\"@context\":\"https:\/\/schema.org\",\"@graph\":[{\"@type\":\"WebPage\",\"@id\":\"https:\/\/www.hofwelzinge.nl\/de\/ferienwohnung-in-middelburg\/\",\"url\":\"https:\/\/www.hofwelzinge.nl\/de\/ferienwohnung-in-middelburg\/\",\"name\":\"Ferienwohnung in Middelburg buchen - Hof Welzinge\",\"isPartOf\":{\"@id\":\"https:\/\/www.hofwelzinge.nl\/#website\"},\"datePublished\":\"2023-10-30T13:44:49+00:00\",\"dateModified\":\"2023-10-30T13:44:51+00:00\",\"description\":\"Von unserer Ferienwohnung in Middelburg aus Zeeland erkunden. Beliebte Urlaubsprovinz in den Niederlanden. Mehr erfahren und buchen.\",\"breadcrumb\":{\"@id\":\"https:\/\/www.hofwelzinge.nl\/de\/ferienwohnung-in-middelburg\/#breadcrumb\"},\"inLanguage\":\"de\",\"potentialAction\":[{\"@type\":\"ReadAction\",\"target\":[\"https:\/\/www.hofwelzinge.nl\/de\/ferienwohnung-in-middelburg\/\"]}]},{\"@type\":\"BreadcrumbList\",\"@id\":\"https:\/\/www.hofwelzinge.nl\/de\/ferienwohnung-in-middelburg\/#breadcrumb\",\"itemListElement\":[{\"@type\":\"ListItem\",\"position\":1,\"name\":\"Home\",\"item\":\"https:\/\/www.hofwelzinge.nl\/de\/\"},{\"@type\":\"ListItem\",\"position\":2,\"name\":\"Ferienwohnung in Middelburg: Willkommen in Zeeland\"}]},{\"@type\":\"WebSite\",\"@id\":\"https:\/\/www.hofwelzinge.nl\/#website\",\"url\":\"https:\/\/www.hofwelzinge.nl\/\",\"name\":\"Hof Welzinge\",\"description\":\"Genieten in het groen\",\"publisher\":{\"@id\":\"https:\/\/www.hofwelzinge.nl\/#organization\"},\"potentialAction\":[{\"@type\":\"SearchAction\",\"target\":{\"@type\":\"EntryPoint\",\"urlTemplate\":\"https:\/\/www.hofwelzinge.nl\/?s={search_term_string}\"},\"query-input\":\"required name=search_term_string\"}],\"inLanguage\":\"de\"},{\"@type\":\"Organization\",\"@id\":\"https:\/\/www.hofwelzinge.nl\/#organization\",\"name\":\"Hof Welzinge\",\"url\":\"https:\/\/www.hofwelzinge.nl\/\",\"logo\":{\"@type\":\"ImageObject\",\"inLanguage\":\"de\",\"@id\":\"https:\/\/www.hofwelzinge.nl\/#\/schema\/logo\/image\/\",\"url\":\"https:\/\/www.hofwelzinge.nl\/wp-content\/uploads\/2019\/06\/Logo.HofWelzinge.groen_.190628-C.png\",\"contentUrl\":\"https:\/\/www.hofwelzinge.nl\/wp-content\/uploads\/2019\/06\/Logo.HofWelzinge.groen_.190628-C.png\",\"width\":607,\"height\":321,\"caption\":\"Hof Welzinge\"},\"image\":{\"@id\":\"https:\/\/www.hofwelzinge.nl\/#\/schema\/logo\/image\/\"},\"sameAs\":[\"https:\/\/www.facebook.com\/Hof-Welzinge-104883244325743\"]}]}<\/script>\n<!-- \/ Yoast SEO plugin. -->","yoast_head_json":{"title":"Ferienwohnung in Middelburg buchen - Hof Welzinge","description":"Von unserer Ferienwohnung in Middelburg aus Zeeland erkunden. Beliebte Urlaubsprovinz in den Niederlanden. Mehr erfahren und buchen.","robots":{"index":"index","follow":"follow","max-snippet":"max-snippet:-1","max-image-preview":"max-image-preview:large","max-video-preview":"max-video-preview:-1"},"canonical":"https:\/\/www.hofwelzinge.nl\/de\/ferienwohnung-in-middelburg\/","og_locale":"de_DE","og_type":"article","og_title":"Ferienwohnung in Middelburg buchen - Hof Welzinge","og_description":"Von unserer Ferienwohnung in Middelburg aus Zeeland erkunden. Beliebte Urlaubsprovinz in den Niederlanden. Mehr erfahren und buchen.","og_url":"https:\/\/www.hofwelzinge.nl\/de\/ferienwohnung-in-middelburg\/","og_site_name":"Hof Welzinge","article_publisher":"https:\/\/www.facebook.com\/Hof-Welzinge-104883244325743","article_modified_time":"2023-10-30T13:44:51+00:00","og_image":[{"width":600,"height":400,"url":"https:\/\/www.hofwelzinge.nl\/wp-content\/uploads\/2023\/01\/Bed-and-breakfast-zeeland.jpg","type":"image\/jpeg"}],"twitter_card":"summary_large_image","twitter_misc":{"Gesch\u00e4tzte Lesezeit":"4\u00a0Minuten"},"schema":{"@context":"https:\/\/schema.org","@graph":[{"@type":"WebPage","@id":"https:\/\/www.hofwelzinge.nl\/de\/ferienwohnung-in-middelburg\/","url":"https:\/\/www.hofwelzinge.nl\/de\/ferienwohnung-in-middelburg\/","name":"Ferienwohnung in Middelburg buchen - Hof Welzinge","isPartOf":{"@id":"https:\/\/www.hofwelzinge.nl\/#website"},"datePublished":"2023-10-30T13:44:49+00:00","dateModified":"2023-10-30T13:44:51+00:00","description":"Von unserer Ferienwohnung in Middelburg aus Zeeland erkunden. Beliebte Urlaubsprovinz in den Niederlanden. Mehr erfahren und buchen.","breadcrumb":{"@id":"https:\/\/www.hofwelzinge.nl\/de\/ferienwohnung-in-middelburg\/#breadcrumb"},"inLanguage":"de","potentialAction":[{"@type":"ReadAction","target":["https:\/\/www.hofwelzinge.nl\/de\/ferienwohnung-in-middelburg\/"]}]},{"@type":"BreadcrumbList","@id":"https:\/\/www.hofwelzinge.nl\/de\/ferienwohnung-in-middelburg\/#breadcrumb","itemListElement":[{"@type":"ListItem","position":1,"name":"Home","item":"https:\/\/www.hofwelzinge.nl\/de\/"},{"@type":"ListItem","position":2,"name":"Ferienwohnung in Middelburg: Willkommen in Zeeland"}]},{"@type":"WebSite","@id":"https:\/\/www.hofwelzinge.nl\/#website","url":"https:\/\/www.hofwelzinge.nl\/","name":"Hof Welzinge","description":"Genieten in het groen","publisher":{"@id":"https:\/\/www.hofwelzinge.nl\/#organization"},"potentialAction":[{"@type":"SearchAction","target":{"@type":"EntryPoint","urlTemplate":"https:\/\/www.hofwelzinge.nl\/?s={search_term_string}"},"query-input":"required name=search_term_string"}],"inLanguage":"de"},{"@type":"Organization","@id":"https:\/\/www.hofwelzinge.nl\/#organization","name":"Hof Welzinge","url":"https:\/\/www.hofwelzinge.nl\/","logo":{"@type":"ImageObject","inLanguage":"de","@id":"https:\/\/www.hofwelzinge.nl\/#\/schema\/logo\/image\/","url":"https:\/\/www.hofwelzinge.nl\/wp-content\/uploads\/2019\/06\/Logo.HofWelzinge.groen_.190628-C.png","contentUrl":"https:\/\/www.hofwelzinge.nl\/wp-content\/uploads\/2019\/06\/Logo.HofWelzinge.groen_.190628-C.png","width":607,"height":321,"caption":"Hof Welzinge"},"image":{"@id":"https:\/\/www.hofwelzinge.nl\/#\/schema\/logo\/image\/"},"sameAs":["https:\/\/www.facebook.com\/Hof-Welzinge-104883244325743"]}]}},"_links":{"self":[{"href":"https:\/\/www.hofwelzinge.nl\/de\/wp-json\/wp\/v2\/pages\/6309"}],"collection":[{"href":"https:\/\/www.hofwelzinge.nl\/de\/wp-json\/wp\/v2\/pages"}],"about":[{"href":"https:\/\/www.hofwelzinge.nl\/de\/wp-json\/wp\/v2\/types\/page"}],"author":[{"embeddable":true,"href":"https:\/\/www.hofwelzinge.nl\/de\/wp-json\/wp\/v2\/users\/3558"}],"replies":[{"embeddable":true,"href":"https:\/\/www.hofwelzinge.nl\/de\/wp-json\/wp\/v2\/comments?post=6309"}],"version-history":[{"count":46,"href":"https:\/\/www.hofwelzinge.nl\/de\/wp-json\/wp\/v2\/pages\/6309\/revisions"}],"predecessor-version":[{"id":6368,"href":"https:\/\/www.hofwelzinge.nl\/de\/wp-json\/wp\/v2\/pages\/6309\/revisions\/6368"}],"wp:featuredmedia":[{"embeddable":true,"href":"https:\/\/www.hofwelzinge.nl\/de\/wp-json\/wp\/v2\/media\/6109"}],"wp:attachment":[{"href":"https:\/\/www.hofwelzinge.nl\/de\/wp-json\/wp\/v2\/media?parent=6309"}],"curies":[{"name":"wp","href":"https:\/\/api.w.org\/{rel}","templated":true}]}}