{"id":6443,"date":"2024-02-09T10:49:48","date_gmt":"2024-02-09T09:49:48","guid":{"rendered":"https:\/\/www.hofwelzinge.nl\/?page_id=6443"},"modified":"2024-02-09T11:57:15","modified_gmt":"2024-02-09T10:57:15","slug":"gruppenunterkunft-in-zeeland","status":"publish","type":"page","link":"https:\/\/www.hofwelzinge.nl\/de\/gruppenunterkunft-in-zeeland\/","title":{"rendered":"Eine Gruppenunterkunft in Zeeland mieten"},"content":{"rendered":"<p>[et_pb_section fb_built=&#8220;1&#8243; next_background_color=&#8220;#F9F6F2&#8243; _builder_version=&#8220;4.16&#8243; background_color=&#8220;#e0f3ff&#8220; use_background_color_gradient=&#8220;on&#8220; background_color_gradient_stops=&#8220;#17689e 0%|#bedeea 100%&#8220; background_color_gradient_start=&#8220;#17689e&#8220; background_color_gradient_end=&#8220;#bedeea&#8220; background_image=&#8220;https:\/\/www.hofwelzinge.nl\/wp-content\/uploads\/2020\/03\/Wolken-02-C.png&#8220; parallax=&#8220;on&#8220; custom_padding=&#8220;0px||0px||true|false&#8220; bottom_divider_style=&#8220;wave2&#8243; bottom_divider_repeat=&#8220;0x&#8220; global_colors_info=&#8220;{}&#8220;][et_pb_row _builder_version=&#8220;4.20.4&#8243; custom_padding=&#8220;53px|||||&#8220; hover_enabled=&#8220;0&#8243; global_colors_info=&#8220;{}&#8220; sticky_enabled=&#8220;0&#8243;][et_pb_column type=&#8220;4_4&#8243; _builder_version=&#8220;4.20.4&#8243; hover_enabled=&#8220;0&#8243; global_colors_info=&#8220;{}&#8220; custom_padding=&#8220;0px||||false|false&#8220; sticky_enabled=&#8220;0&#8243;][et_pb_slider _builder_version=&#8220;4.20.4&#8243; _module_preset=&#8220;default&#8220; hover_enabled=&#8220;0&#8243; sticky_enabled=&#8220;0&#8243; use_bg_overlay=&#8220;off&#8220; use_text_overlay=&#8220;off&#8220;][et_pb_slide _builder_version=&#8220;4.20.4&#8243; _module_preset=&#8220;default&#8220; title_text=&#8220;Nollestrand Beachhouses&#8220; width=&#8220;100%&#8220; max_width=&#8220;100%&#8220; use_bg_overlay=&#8220;on&#8220; use_text_overlay=&#8220;on&#8220; border_radii_image=&#8220;on|30px|30px|30px|30px&#8220; background_image=&#8220;https:\/\/www.hofwelzinge.nl\/wp-content\/uploads\/2024\/02\/beach-houses-3387568_1920.jpg&#8220; text_border_radius=&#8220;12px&#8220; hover_enabled=&#8220;0&#8243; sticky_enabled=&#8220;0&#8243; custom_padding=&#8220;50px||50px||false|false&#8220;]<\/p>\n<h1>Gruppenunterkunft in Zeeland<\/h1>\n<p>Moderne Ferienwohnungen in Strandn\u00e4he f\u00fcr bis zu 30 Personen<\/p>\n<p>[\/et_pb_slide][\/et_pb_slider][\/et_pb_column][\/et_pb_row][et_pb_row custom_padding_last_edited=&#8220;on|desktop&#8220; _builder_version=&#8220;4.20.4&#8243; background_color=&#8220;#ffffff&#8220; width_tablet=&#8220;&#8220; width_phone=&#8220;100%&#8220; width_last_edited=&#8220;on|phone&#8220; module_alignment=&#8220;center&#8220; custom_margin=&#8220;|auto|0%|auto|false|false&#8220; custom_margin_tablet=&#8220;||5%||false|false&#8220; custom_margin_phone=&#8220;||8%||false|false&#8220; custom_margin_last_edited=&#8220;on|phone&#8220; custom_padding=&#8220;0%|3%|2.5%|3%|false|true&#8220; custom_padding_tablet=&#8220;4%|2%|6%|2%|false|true&#8220; custom_padding_phone=&#8220;5%|1%|8%|1%|false|true&#8220; border_width_top=&#8220;25px&#8220; border_color_top=&#8220;#a9dc92&#8243; box_shadow_style=&#8220;preset3&#8243; global_colors_info=&#8220;{}&#8220;][et_pb_column type=&#8220;4_4&#8243; _builder_version=&#8220;4.16&#8243; global_colors_info=&#8220;{}&#8220;][et_pb_image src=&#8220;https:\/\/www.hofwelzinge.nl\/wp-content\/uploads\/2019\/09\/Beeldmerk.HofWelzinge.wit_.190930.png&#8220; show_bottom_space=&#8220;off&#8220; _builder_version=&#8220;4.20.4&#8243; background_image=&#8220;https:\/\/www.hofwelzinge.nl\/wp-content\/uploads\/2019\/10\/beeldmerk-schaduw-c.png&#8220; background_size=&#8220;contain&#8220; background_position=&#8220;top_left&#8220; transform_translate=&#8220;-42px|-42px&#8220; width=&#8220;100px&#8220; custom_margin=&#8220;||-40px|-40px|false|false&#8220; custom_padding=&#8220;|||0px|false|false&#8220; animation_style=&#8220;roll&#8220; animation_direction=&#8220;right&#8220; animation_duration=&#8220;950ms&#8220; animation_intensity_roll=&#8220;9%&#8220; global_colors_info=&#8220;{}&#8220;][\/et_pb_image][et_pb_text _builder_version=&#8220;4.20.4&#8243; max_width=&#8220;700px&#8220; header_3_font_size_tablet=&#8220;4.7vw&#8220; header_3_font_size_phone=&#8220;&#8220; header_3_font_size_last_edited=&#8220;on|phone&#8220; global_colors_info=&#8220;{}&#8220;]<\/p>\n<p>Der Hof Welzinge ist ein idealer Ort f\u00fcr Gruppen. Das Ferienhaus besteht aus vier verschiedenen Wohnungen. Sie k\u00f6nnen mehrere davon oder sogar den ganzen Hof Welzinge mieten. Das bedeutet, dass wir Gruppen von bis zu 30 Personen beherbergen k\u00f6nnen. Damit ist Hof Welzinge die ideale Wahl f\u00fcr Gruppenurlaub in Zeeland.<\/p>\n<p style=\"text-align: center;\"><a class=\"et_pb_button et_pb_button_0 et_hover_enabled et_pb_bg_layout_light\" href=\"https:\/\/www.hofwelzinge.nl\/de\/welzinger-hof-fuer-gruppen\/\" title=\"F\u00fcr Gruppen\">Gruppenunterkunft buchen<\/a><\/p>\n<div class=\"entry-content\">\n<h2><\/h2>\n<h2><\/h2>\n<h2>Aktivit\u00e4ten von Ihrer Gruppenunterkunft in Zeeland aus<\/h2>\n<p>Wenn Sie mit einer Gruppe unterwegs sind, ist es nat\u00fcrlich sch\u00f6n, wenn Sie etwas unternehmen k\u00f6nnen. Zum Gl\u00fcck k\u00f6nnen Sie auch in der N\u00e4he unserer Ferienh\u00e4user die sch\u00f6nsten Aktivit\u00e4ten unternehmen. Besuchen Sie zum Beispiel einen spannenden Escaperoom in Middelburg. Buchen Sie mehrere Zimmer und spielen Sie gegeneinander oder gegen die Zeit. Und w\u00e4hrend Sie in Middelburg sind, k\u00f6nnen Sie nat\u00fcrlich die Stadt in aller Ruhe erkunden, denn hier gibt es viel zu sehen.<\/p>\n<h2>Machen Sie einen St\u00e4dteausflug<\/h2>\n<p>Von Ihrer Gruppenunterkunft in Zeeland aus k\u00f6nnen Sie neben Middelburg auch eine Reihe anderer sch\u00f6ner St\u00e4dte und D\u00f6rfer besuchen. Zum Beispiel Vlissingen. Diese Hafenstadt hat die l\u00e4ngste Strandpromenade der Niederlande, von der aus Sie einen herrlichen Blick auf die vorbeifahrenden Schiffe haben. Au\u00dferdem k\u00f6nnen Sie in der Stadt k\u00f6stliche Speisen und Getr\u00e4nke genie\u00dfen. Es gibt viele Strandpavillons, in denen Sie einen Snack und ein Getr\u00e4nk zu sich nehmen k\u00f6nnen. Au\u00dferdem gibt es viele Fischrestaurants, in denen Sie alle Fischspezialit\u00e4ten Zeelands probieren k\u00f6nnen.<\/p>\n<p style=\"text-align: center;\"><a class=\"et_pb_button et_pb_button_0 et_hover_enabled et_pb_bg_layout_light\" href=\"https:\/\/www.hofwelzinge.nl\/de\/ausgehen-in-der-nahe-von-hof-welzinge\/\" title=\"Umgebung\">\u00a0Mehr \u00fcber die Umgebung<\/a><\/p>\n<blockquote>\n<p><em>&#8222;In einem Wort: gro\u00dfartig. Die Wohnung war au\u00dfergew\u00f6hnlich sch\u00f6n und komfortabel. Sehr sauber und sehr gut, sehr zu empfehlen. Eine sch\u00f6ne Gegend zum Radfahren, alles ist in der N\u00e4he.&#8220;<\/em><\/p>\n<\/blockquote>\n<\/div>\n<p>[\/et_pb_text][et_pb_gallery gallery_ids=&#8220;5258,5244,5230,5229,5209,5196,5160,5158&#8243; posts_number=&#8220;8&#8243; show_title_and_caption=&#8220;off&#8220; show_pagination=&#8220;off&#8220; _builder_version=&#8220;4.20.4&#8243; _module_preset=&#8220;default&#8220; global_colors_info=&#8220;{}&#8220;][\/et_pb_gallery][et_pb_text _builder_version=&#8220;4.20.4&#8243; _module_preset=&#8220;default&#8220; text_orientation=&#8220;center&#8220; global_colors_info=&#8220;{}&#8220;]<\/p>\n<h3>Museen in Middelburg<\/h3>\n<p>Von Ihrer Gruppenunterkunft in Zeeland aus k\u00f6nnen Sie auch leicht die tollen Museen in Middelburg besuchen. Zum Beispiel das Zeeuws Museum. Im Zeeuws Museum k\u00f6nnen Sie die verschiedensten Sammlungen besichtigen. Zum Beispiel alte Trachten, aber auch Wandteppiche und Arch\u00e4ologie aus der Region. Und nat\u00fcrlich sind auch verschiedene Kunstwerke aus Zeeland ausgestellt. Hier kann man einen sehr sch\u00f6nen Einblick in die Geschichte Zeelands gewinnen. Ein idealer Ausflug von Ihrer Gruppenunterkunft in Zeeland aus.<\/p>\n<h3>Authentische D\u00f6rfer in der Umgebung<\/h3>\n<p>In der N\u00e4he unserer Gruppenunterkunft in Zeeland gibt es auch einige sch\u00f6ne D\u00f6rfer. Zoutelande, zum Beispiel. Zoutelande hat sch\u00f6ne Str\u00e4nde und ein Bunkermuseum. Und f\u00fcr die Kinder ist ein Besuch des Wasserspielplatzes De Meerpaal wirklich ein Muss.<\/p>\n<h3>Besuchen Sie die Kirche am Sonntag<\/h3>\n<p>Auch f\u00fcr den sonnt\u00e4glichen Kirchgang gibt es mehrere M\u00f6glichkeiten, die mit dem Fahrrad zu erreichen sind. Sie k\u00f6nnen zum Beispiel den Gottesdienst in Middelburg besuchen, aber Sie k\u00f6nnen auch leicht nach Vlissingen oder Arnemuiden fahren.<\/p>\n<p>[\/et_pb_text][et_pb_text _builder_version=&#8220;4.20.4&#8243; _module_preset=&#8220;default&#8220; global_colors_info=&#8220;{}&#8220;]<\/p>\n<h2>Entdecken Sie unsere Gruppenunterk\u00fcnfte in Zeeland<\/h2>\n<p>Sie k\u00f6nnen mit einer Gruppe von bis zu 30 Personen bei uns wohnen. Mieten Sie z. B. den gesamten Hof Welzinge, damit Sie und Ihre ganze Gruppe an einem Ort wohnen k\u00f6nnen. Sie k\u00f6nnen die Ferienwohnungen reservieren, die Sie ben\u00f6tigen &#8211; je nach Anzahl der Mitreisenden. Zum Beispiel das Ferienhaus Scholekster f\u00fcr 4 Personen und die Veldleeuwerik f\u00fcr 8 Personen. So k\u00f6nnen Sie ganz einfach Ihr eigenes Angebot zusammenstellen.<\/p>\n<p style=\"text-align: left;\"><a class=\"et_pb_button et_pb_button_0 et_hover_enabled et_pb_bg_layout_light\" href=\"https:\/\/www.hofwelzinge.nl\/de\/welzinger-hof-fuer-gruppen\/\" title=\"Reservierungs\u00fcbersicht\">Direkt buchen<\/a><\/p>\n<p>[\/et_pb_text][\/et_pb_column][\/et_pb_row][et_pb_row _builder_version=&#8220;4.16&#8243; animation_style=&#8220;bounce&#8220; animation_delay=&#8220;600ms&#8220; global_colors_info=&#8220;{}&#8220;][et_pb_column type=&#8220;4_4&#8243; _builder_version=&#8220;4.16&#8243; global_colors_info=&#8220;{}&#8220;][\/et_pb_column][\/et_pb_row][\/et_pb_section][et_pb_section fb_built=&#8220;1&#8243; _builder_version=&#8220;4.16&#8243; background_color=&#8220;#F9F6F2&#8243; custom_padding=&#8220;0.1%|8.1%|6%|8.1%|false|true&#8220; global_colors_info=&#8220;{}&#8220;][et_pb_row column_structure=&#8220;1_2,1_2&#8243; use_custom_gutter=&#8220;on&#8220; gutter_width=&#8220;1&#8243; make_equal=&#8220;on&#8220; custom_padding_last_edited=&#8220;on|phone&#8220; module_id=&#8220;volgende&#8220; _builder_version=&#8220;4.16&#8243; width_tablet=&#8220;&#8220; width_phone=&#8220;100%&#8220; width_last_edited=&#8220;on|phone&#8220; module_alignment=&#8220;center&#8220; custom_margin=&#8220;3%|auto|3%|auto|false|false&#8220; custom_margin_tablet=&#8220;||5%||false|false&#8220; custom_margin_phone=&#8220;||8%||false|false&#8220; custom_margin_last_edited=&#8220;on|phone&#8220; custom_padding=&#8220;0%|0%|0%|0%|false|true&#8220; custom_padding_tablet=&#8220;||0%||false|false&#8220; custom_padding_phone=&#8220;&#8220; animation_style=&#8220;slide&#8220; animation_direction=&#8220;right&#8220; animation_duration=&#8220;650ms&#8220; animation_delay=&#8220;500ms&#8220; animation_intensity_slide=&#8220;8%&#8220; box_shadow_style=&#8220;preset3&#8243; global_colors_info=&#8220;{}&#8220;][et_pb_column type=&#8220;1_2&#8243; _builder_version=&#8220;4.16&#8243; background_color=&#8220;#ffffff&#8220; global_colors_info=&#8220;{}&#8220;][et_pb_text _builder_version=&#8220;4.20.4&#8243; min_height=&#8220;399.7px&#8220; custom_padding=&#8220;10%|8%|10%|8%|true|true&#8220; global_colors_info=&#8220;{}&#8220;]<\/p>\n<div class=\"entry-content\">\n<h3>Leben auf dem Bauernhof<\/h3>\n<p>W\u00e4hrend Ihres Aufenthalts in unserem Gruppenhaus in Zeeland laden wir Sie herzlich ein, <a href=\"\/de\/der-hof\/\">einen Blick auf unseren Bauernhof zu werfen<\/a>. Direkt neben den Ferienwohnungen befindet sich unser Hof mit einer Vielfalt an Tieren. Streicheln Sie die L\u00e4mmer, begleiten Sie uns beim Melken der K\u00fche oder bewundern Sie unsere Pferde. In ruhigen Momenten zwischen 13.30 und 15.30 Uhr sind Sie herzlich willkommen, den Hof in aller Gem\u00fctlichkeit zu erkunden und das authentische Leben auf dem Bauernhof hautnah zu erleben.<\/p>\n<\/div>\n<div class=\"entry-content\">\n<p><a href=\"https:\/\/www.hofwelzinge.nl\/reserveren\/?accommodatie=24307\"><\/a><\/p>\n<\/div>\n<p>[\/et_pb_text][\/et_pb_column][et_pb_column type=&#8220;1_2&#8243; _builder_version=&#8220;4.16&#8243; background_color=&#8220;#F9F6F2&#8243; global_colors_info=&#8220;{}&#8220;][et_pb_image src=&#8220;https:\/\/www.hofwelzinge.nl\/wp-content\/uploads\/2023\/01\/bed-and-breakfast-in-zeeland-hof-welzinge.jpg&#8220; alt=&#8220;bed and breakfast in zeeland hof welzinge&#8220; title_text=&#8220;bed and breakfast in zeeland hof welzinge&#8220; _builder_version=&#8220;4.20.4&#8243; global_colors_info=&#8220;{}&#8220;][\/et_pb_image][\/et_pb_column][\/et_pb_row][et_pb_row column_structure=&#8220;1_2,1_2&#8243; use_custom_gutter=&#8220;on&#8220; gutter_width=&#8220;1&#8243; make_equal=&#8220;on&#8220; custom_padding_last_edited=&#8220;on|phone&#8220; _builder_version=&#8220;4.20.4&#8243; width_tablet=&#8220;&#8220; width_phone=&#8220;100%&#8220; width_last_edited=&#8220;on|phone&#8220; module_alignment=&#8220;center&#8220; custom_margin=&#8220;|auto|3%|auto|false|false&#8220; custom_margin_tablet=&#8220;||5%||false|false&#8220; custom_margin_phone=&#8220;||8%||false|false&#8220; custom_margin_last_edited=&#8220;on|phone&#8220; custom_padding=&#8220;0%|0%|0%|0%|false|true&#8220; custom_padding_tablet=&#8220;||0%||false|false&#8220; custom_padding_phone=&#8220;&#8220; animation_style=&#8220;slide&#8220; animation_direction=&#8220;right&#8220; animation_duration=&#8220;500ms&#8220; animation_delay=&#8220;500ms&#8220; animation_intensity_slide=&#8220;15%&#8220; box_shadow_style=&#8220;preset3&#8243; global_colors_info=&#8220;{}&#8220;][et_pb_column type=&#8220;1_2&#8243; _builder_version=&#8220;4.20.4&#8243; background_image=&#8220;https:\/\/www.hofwelzinge.nl\/wp-content\/uploads\/2021\/02\/weekendje_aan_zee_met_het_gezin.jpg&#8220; global_colors_info=&#8220;{}&#8220;][\/et_pb_column][et_pb_column type=&#8220;1_2&#8243; _builder_version=&#8220;4.16&#8243; background_color=&#8220;#ffffff&#8220; global_colors_info=&#8220;{}&#8220;][et_pb_text _builder_version=&#8220;4.16&#8243; custom_padding=&#8220;6%|8%|6%|8%|true|true&#8220; global_colors_info=&#8220;{}&#8220;]<\/p>\n<div class=\"entry-content\">\n<div class=\"entry-content\">\n<h3>Ein Tag am Strand<\/h3>\n<p>Middelburg und Zeeland sind nicht ohne Grund ein beliebtes Reiseziel in den Niederlanden. Die N\u00e4he zum Strand sowie die frische Meeresbrise sorgen ab Ihrer Ankunft f\u00fcr das ultimative Urlaubsgef\u00fchl. Machen Sie von Ihrer Ferienwohnung einen Ausflug zum <a href=\"\/de\/ausgehen-in-der-nahe-von-hof-welzinge\/#Str\u00e4nde\">Strand Ritthem oder nach Oostkapelle<\/a>. Ihre Kinder k\u00f6nnen hier Sandburgen bauen und neue Urlaubsfreunde finden. Vergessen Sie den Drachen nicht, hier weht jederzeit ein erfrischender Wind.<\/p>\n<\/div>\n<div class=\"entry-content\">\n<p><a href=\"https:\/\/www.hofwelzinge.nl\/reserveren\/?accommodatie=24307\"><\/a><\/p>\n<\/div>\n<\/div>\n<p>[\/et_pb_text][\/et_pb_column][\/et_pb_row][\/et_pb_section][et_pb_section fb_built=&#8220;1&#8243; prev_background_color=&#8220;#F9F6F2&#8243; admin_label=&#8220;Footer&#8220; _builder_version=&#8220;4.16&#8243; background_color=&#8220;#004c68&#8243; background_image=&#8220;https:\/\/www.hofwelzinge.nl\/wp-content\/uploads\/2019\/07\/STL_7226LQ.jpg&#8220; parallax=&#8220;on&#8220; min_height=&#8220;92vh&#8220; custom_padding=&#8220;11vh||100px||false|false&#8220; top_divider_style=&#8220;wave2&#8243; saved_tabs=&#8220;all&#8220; locked=&#8220;off&#8220; global_colors_info=&#8220;{}&#8220;][et_pb_row _builder_version=&#8220;4.16&#8243; background_enable_color=&#8220;off&#8220; width=&#8220;40%&#8220; width_tablet=&#8220;60%&#8220; width_phone=&#8220;&#8220; width_last_edited=&#8220;on|tablet&#8220; module_alignment=&#8220;center&#8220; custom_margin=&#8220;-2px|571px||358px||&#8220; global_colors_info=&#8220;{}&#8220;][et_pb_column type=&#8220;4_4&#8243; _builder_version=&#8220;4.16&#8243; global_colors_info=&#8220;{}&#8220;][et_pb_text _builder_version=&#8220;4.20.4&#8243; _module_preset=&#8220;default&#8220; global_colors_info=&#8220;{}&#8220;]<\/p>\n<h1 style=\"text-align: center;\"><span style=\"color: #ffffff;\">Hof Welzinge<\/span><\/h1>\n<h3 style=\"text-align: center;\"><span style=\"color: #ffffff;\">Pure Erholung im gr\u00fcnen Zeeland<\/span><\/h3>\n<p>[\/et_pb_text][\/et_pb_column][\/et_pb_row][\/et_pb_section]<\/p>\n<span class=\"et_bloom_bottom_trigger\"><\/span>","protected":false},"excerpt":{"rendered":"<p>Gruppenunterkunft in Zeeland Moderne Ferienwohnungen in Strandn\u00e4he f\u00fcr bis zu 30 PersonenDer Hof Welzinge ist ein idealer Ort f\u00fcr Gruppen. Das Ferienhaus besteht aus vier verschiedenen Wohnungen. Sie k\u00f6nnen mehrere davon oder sogar den ganzen Hof Welzinge mieten. Das bedeutet, dass wir Gruppen von bis zu 30 Personen beherbergen k\u00f6nnen. Damit ist Hof Welzinge die [&hellip;]<\/p>\n","protected":false},"author":3558,"featured_media":5308,"parent":0,"menu_order":0,"comment_status":"closed","ping_status":"closed","template":"","meta":{"_et_pb_use_builder":"on","_et_pb_old_content":"","_et_gb_content_width":""},"yoast_head":"<!-- This site is optimized with the Yoast SEO plugin v21.8.1 - https:\/\/yoast.com\/wordpress\/plugins\/seo\/ -->\n<title>Eine Gruppenunterkunft in Zeeland mieten - Hof Welzinge<\/title>\n<meta name=\"description\" content=\"Luxus-Ferienwohungen in Middelburg. Kombinieren Sie die Wohnungen zu einer Gruppenunterkunft in Zeeland. Natur &amp; Strand erleben.\" \/>\n<meta name=\"robots\" content=\"index, follow, max-snippet:-1, max-image-preview:large, max-video-preview:-1\" \/>\n<link rel=\"canonical\" href=\"https:\/\/www.hofwelzinge.nl\/de\/gruppenunterkunft-in-zeeland\/\" \/>\n<meta property=\"og:locale\" content=\"de_DE\" \/>\n<meta property=\"og:type\" content=\"article\" \/>\n<meta property=\"og:title\" content=\"Eine Gruppenunterkunft in Zeeland mieten - Hof Welzinge\" \/>\n<meta property=\"og:description\" content=\"Luxus-Ferienwohungen in Middelburg. Kombinieren Sie die Wohnungen zu einer Gruppenunterkunft in Zeeland. Natur &amp; Strand erleben.\" \/>\n<meta property=\"og:url\" content=\"https:\/\/www.hofwelzinge.nl\/de\/gruppenunterkunft-in-zeeland\/\" \/>\n<meta property=\"og:site_name\" content=\"Hof Welzinge\" \/>\n<meta property=\"article:publisher\" content=\"https:\/\/www.facebook.com\/Hof-Welzinge-104883244325743\" \/>\n<meta property=\"article:modified_time\" content=\"2024-02-09T10:57:15+00:00\" \/>\n<meta property=\"og:image\" content=\"https:\/\/www.hofwelzinge.nl\/wp-content\/uploads\/2021\/02\/weekendje_aan_zee.jpg\" \/>\n\t<meta property=\"og:image:width\" content=\"1500\" \/>\n\t<meta property=\"og:image:height\" content=\"1000\" \/>\n\t<meta property=\"og:image:type\" content=\"image\/jpeg\" \/>\n<meta name=\"twitter:card\" content=\"summary_large_image\" \/>\n<meta name=\"twitter:label1\" content=\"Gesch\u00e4tzte Lesezeit\" \/>\n\t<meta name=\"twitter:data1\" content=\"6\u00a0Minuten\" \/>\n<script type=\"application\/ld+json\" class=\"yoast-schema-graph\">{\"@context\":\"https:\/\/schema.org\",\"@graph\":[{\"@type\":\"WebPage\",\"@id\":\"https:\/\/www.hofwelzinge.nl\/de\/gruppenunterkunft-in-zeeland\/\",\"url\":\"https:\/\/www.hofwelzinge.nl\/de\/gruppenunterkunft-in-zeeland\/\",\"name\":\"Eine Gruppenunterkunft in Zeeland mieten - Hof Welzinge\",\"isPartOf\":{\"@id\":\"https:\/\/www.hofwelzinge.nl\/#website\"},\"datePublished\":\"2024-02-09T09:49:48+00:00\",\"dateModified\":\"2024-02-09T10:57:15+00:00\",\"description\":\"Luxus-Ferienwohungen in Middelburg. Kombinieren Sie die Wohnungen zu einer Gruppenunterkunft in Zeeland. Natur & Strand erleben.\",\"breadcrumb\":{\"@id\":\"https:\/\/www.hofwelzinge.nl\/de\/gruppenunterkunft-in-zeeland\/#breadcrumb\"},\"inLanguage\":\"de\",\"potentialAction\":[{\"@type\":\"ReadAction\",\"target\":[\"https:\/\/www.hofwelzinge.nl\/de\/gruppenunterkunft-in-zeeland\/\"]}]},{\"@type\":\"BreadcrumbList\",\"@id\":\"https:\/\/www.hofwelzinge.nl\/de\/gruppenunterkunft-in-zeeland\/#breadcrumb\",\"itemListElement\":[{\"@type\":\"ListItem\",\"position\":1,\"name\":\"Home\",\"item\":\"https:\/\/www.hofwelzinge.nl\/de\/\"},{\"@type\":\"ListItem\",\"position\":2,\"name\":\"Eine Gruppenunterkunft in Zeeland mieten\"}]},{\"@type\":\"WebSite\",\"@id\":\"https:\/\/www.hofwelzinge.nl\/#website\",\"url\":\"https:\/\/www.hofwelzinge.nl\/\",\"name\":\"Hof Welzinge\",\"description\":\"Genieten in het groen\",\"publisher\":{\"@id\":\"https:\/\/www.hofwelzinge.nl\/#organization\"},\"potentialAction\":[{\"@type\":\"SearchAction\",\"target\":{\"@type\":\"EntryPoint\",\"urlTemplate\":\"https:\/\/www.hofwelzinge.nl\/?s={search_term_string}\"},\"query-input\":\"required name=search_term_string\"}],\"inLanguage\":\"de\"},{\"@type\":\"Organization\",\"@id\":\"https:\/\/www.hofwelzinge.nl\/#organization\",\"name\":\"Hof Welzinge\",\"url\":\"https:\/\/www.hofwelzinge.nl\/\",\"logo\":{\"@type\":\"ImageObject\",\"inLanguage\":\"de\",\"@id\":\"https:\/\/www.hofwelzinge.nl\/#\/schema\/logo\/image\/\",\"url\":\"https:\/\/www.hofwelzinge.nl\/wp-content\/uploads\/2019\/06\/Logo.HofWelzinge.groen_.190628-C.png\",\"contentUrl\":\"https:\/\/www.hofwelzinge.nl\/wp-content\/uploads\/2019\/06\/Logo.HofWelzinge.groen_.190628-C.png\",\"width\":607,\"height\":321,\"caption\":\"Hof Welzinge\"},\"image\":{\"@id\":\"https:\/\/www.hofwelzinge.nl\/#\/schema\/logo\/image\/\"},\"sameAs\":[\"https:\/\/www.facebook.com\/Hof-Welzinge-104883244325743\"]}]}<\/script>\n<!-- \/ Yoast SEO plugin. -->","yoast_head_json":{"title":"Eine Gruppenunterkunft in Zeeland mieten - Hof Welzinge","description":"Luxus-Ferienwohungen in Middelburg. Kombinieren Sie die Wohnungen zu einer Gruppenunterkunft in Zeeland. Natur & Strand erleben.","robots":{"index":"index","follow":"follow","max-snippet":"max-snippet:-1","max-image-preview":"max-image-preview:large","max-video-preview":"max-video-preview:-1"},"canonical":"https:\/\/www.hofwelzinge.nl\/de\/gruppenunterkunft-in-zeeland\/","og_locale":"de_DE","og_type":"article","og_title":"Eine Gruppenunterkunft in Zeeland mieten - Hof Welzinge","og_description":"Luxus-Ferienwohungen in Middelburg. Kombinieren Sie die Wohnungen zu einer Gruppenunterkunft in Zeeland. Natur & Strand erleben.","og_url":"https:\/\/www.hofwelzinge.nl\/de\/gruppenunterkunft-in-zeeland\/","og_site_name":"Hof Welzinge","article_publisher":"https:\/\/www.facebook.com\/Hof-Welzinge-104883244325743","article_modified_time":"2024-02-09T10:57:15+00:00","og_image":[{"width":1500,"height":1000,"url":"https:\/\/www.hofwelzinge.nl\/wp-content\/uploads\/2021\/02\/weekendje_aan_zee.jpg","type":"image\/jpeg"}],"twitter_card":"summary_large_image","twitter_misc":{"Gesch\u00e4tzte Lesezeit":"6\u00a0Minuten"},"schema":{"@context":"https:\/\/schema.org","@graph":[{"@type":"WebPage","@id":"https:\/\/www.hofwelzinge.nl\/de\/gruppenunterkunft-in-zeeland\/","url":"https:\/\/www.hofwelzinge.nl\/de\/gruppenunterkunft-in-zeeland\/","name":"Eine Gruppenunterkunft in Zeeland mieten - Hof Welzinge","isPartOf":{"@id":"https:\/\/www.hofwelzinge.nl\/#website"},"datePublished":"2024-02-09T09:49:48+00:00","dateModified":"2024-02-09T10:57:15+00:00","description":"Luxus-Ferienwohungen in Middelburg. Kombinieren Sie die Wohnungen zu einer Gruppenunterkunft in Zeeland. Natur & Strand erleben.","breadcrumb":{"@id":"https:\/\/www.hofwelzinge.nl\/de\/gruppenunterkunft-in-zeeland\/#breadcrumb"},"inLanguage":"de","potentialAction":[{"@type":"ReadAction","target":["https:\/\/www.hofwelzinge.nl\/de\/gruppenunterkunft-in-zeeland\/"]}]},{"@type":"BreadcrumbList","@id":"https:\/\/www.hofwelzinge.nl\/de\/gruppenunterkunft-in-zeeland\/#breadcrumb","itemListElement":[{"@type":"ListItem","position":1,"name":"Home","item":"https:\/\/www.hofwelzinge.nl\/de\/"},{"@type":"ListItem","position":2,"name":"Eine Gruppenunterkunft in Zeeland mieten"}]},{"@type":"WebSite","@id":"https:\/\/www.hofwelzinge.nl\/#website","url":"https:\/\/www.hofwelzinge.nl\/","name":"Hof Welzinge","description":"Genieten in het groen","publisher":{"@id":"https:\/\/www.hofwelzinge.nl\/#organization"},"potentialAction":[{"@type":"SearchAction","target":{"@type":"EntryPoint","urlTemplate":"https:\/\/www.hofwelzinge.nl\/?s={search_term_string}"},"query-input":"required name=search_term_string"}],"inLanguage":"de"},{"@type":"Organization","@id":"https:\/\/www.hofwelzinge.nl\/#organization","name":"Hof Welzinge","url":"https:\/\/www.hofwelzinge.nl\/","logo":{"@type":"ImageObject","inLanguage":"de","@id":"https:\/\/www.hofwelzinge.nl\/#\/schema\/logo\/image\/","url":"https:\/\/www.hofwelzinge.nl\/wp-content\/uploads\/2019\/06\/Logo.HofWelzinge.groen_.190628-C.png","contentUrl":"https:\/\/www.hofwelzinge.nl\/wp-content\/uploads\/2019\/06\/Logo.HofWelzinge.groen_.190628-C.png","width":607,"height":321,"caption":"Hof Welzinge"},"image":{"@id":"https:\/\/www.hofwelzinge.nl\/#\/schema\/logo\/image\/"},"sameAs":["https:\/\/www.facebook.com\/Hof-Welzinge-104883244325743"]}]}},"_links":{"self":[{"href":"https:\/\/www.hofwelzinge.nl\/de\/wp-json\/wp\/v2\/pages\/6443"}],"collection":[{"href":"https:\/\/www.hofwelzinge.nl\/de\/wp-json\/wp\/v2\/pages"}],"about":[{"href":"https:\/\/www.hofwelzinge.nl\/de\/wp-json\/wp\/v2\/types\/page"}],"author":[{"embeddable":true,"href":"https:\/\/www.hofwelzinge.nl\/de\/wp-json\/wp\/v2\/users\/3558"}],"replies":[{"embeddable":true,"href":"https:\/\/www.hofwelzinge.nl\/de\/wp-json\/wp\/v2\/comments?post=6443"}],"version-history":[{"count":14,"href":"https:\/\/www.hofwelzinge.nl\/de\/wp-json\/wp\/v2\/pages\/6443\/revisions"}],"predecessor-version":[{"id":6464,"href":"https:\/\/www.hofwelzinge.nl\/de\/wp-json\/wp\/v2\/pages\/6443\/revisions\/6464"}],"wp:featuredmedia":[{"embeddable":true,"href":"https:\/\/www.hofwelzinge.nl\/de\/wp-json\/wp\/v2\/media\/5308"}],"wp:attachment":[{"href":"https:\/\/www.hofwelzinge.nl\/de\/wp-json\/wp\/v2\/media?parent=6443"}],"curies":[{"name":"wp","href":"https:\/\/api.w.org\/{rel}","templated":true}]}}